{"id":856,"date":"2025-12-03T00:11:05","date_gmt":"2025-12-03T00:11:05","guid":{"rendered":"https:\/\/www.kohlerpartnerag.ch\/?page_id=856"},"modified":"2025-12-03T00:16:31","modified_gmt":"2025-12-03T00:16:31","slug":"datenschutz","status":"publish","type":"page","link":"https:\/\/www.kohlerpartnerag.ch\/index.php\/datenschutz\/","title":{"rendered":"Datenschutz"},"content":{"rendered":"<section class=\"elementor-section elementor-top-section elementor-element elementor-element-871d3a0 elementor-section-boxed elementor-section-height-default elementor-section-height-default\" data-id=\"871d3a0\" data-element_type=\"section\">\n<div class=\"elementor-widget-container\"><\/div>\n<\/section>\n<section class=\"elementor-section elementor-top-section elementor-element elementor-element-aec2c31 elementor-section-boxed elementor-section-height-default elementor-section-height-default\" data-id=\"aec2c31\" data-element_type=\"section\">\n<div class=\"elementor-container elementor-column-gap-default\">\n<div class=\"elementor-column elementor-col-100 elementor-top-column elementor-element elementor-element-1a1501e\" data-id=\"1a1501e\" data-element_type=\"column\">\n<div class=\"elementor-widget-wrap elementor-element-populated\">\n<div class=\"elementor-element elementor-element-8efeaae elementor-widget elementor-widget-text-editor\" data-id=\"8efeaae\" data-element_type=\"widget\" data-widget_type=\"text-editor.default\">\n<div class=\"elementor-widget-container\">\n<h6><\/h6>\n<h6><\/h6>\n<h6>1. Erhebung, Verarbeitung und Nutzung personenbezogener Daten<\/h6>\n<p>Bei einem Besuch dieser Website erheben wir keine personenbezogenen Daten von Ihnen. Personenbezogene Daten werden nur erhoben, wenn Sie uns diese selbst \u00fcber unser Kontaktformular mitteilen. Diese Daten werden ausschliesslich zur Beantwortung Ihres Anliegens genutzt und danach wieder gel\u00f6scht.<\/p>\n<h6><\/h6>\n<h6>2. Verwendung von eigenen Cookies<\/h6>\n<p>Beim Aufruf bestimmter Seiten wird ein so genanntes \u00abSession-Cookie\u00bb gesetzt. Hierbei handelt es sich um eine kleine Textdatei, die nach Ende der Browser-Sitzung automatisch wieder von Ihrem Computer gel\u00f6scht wird. Diese Datei dient ausschliesslich dazu, bestimmte Applikationen nutzen zu k\u00f6nnen. Sie k\u00f6nnen bei den meisten Webbrowsern die Einstellungen so \u00e4ndern, dass Ihr Browser neue Cookies nicht akzeptiert oder Sie k\u00f6nnen erhaltenen Cookies l\u00f6schen lassen. Wie dies konkret f\u00fcr Ihren Browser funktioniert, kann in der Regel \u00fcber dessen Hilfe-Funktion in Erfahrung gebracht werden.<\/p>\n<h6><\/h6>\n<h6>3. Server-Log-Dateien<\/h6>\n<p>Wie bei jeder Verbindung mit einem Webserver protokolliert und speichert der Server unseres Webhosting-Anbieters Hosttech in Appenzell, Nottwil und W\u00e4denswil bestimmte technische Daten. Zu diesen Daten geh\u00f6ren die IP-Adresse und das Betriebssystem Ihres Ger\u00e4ts, die Daten, die Zugriffszeit, die Art des Browsers sowie die Browser-Anfrage inklusive der Herkunft der Anfrage (Referrer). Dies ist aus technischen Gr\u00fcnden erforderlich, um Ihnen unsere Website zur Verf\u00fcgung zu stellen. Der Webhosting-Anbieter sch\u00fctzt diese Daten mit technischen und organisatorischen Massnahmen vor unerlaubten Zugriffen und gibt sie nicht an Dritte weiter. Soweit wir dabei personenbezogene Daten verarbeiten, tun wir dies aufgrund unseres Interesses, Ihnen die bestm\u00f6gliche Nutzererfahrung zu bieten und die Sicherheit und Stabilit\u00e4t unserer Systeme zu gew\u00e4hrleisten.<\/p>\n<h6><\/h6>\n<h6>4. Google Analytics<\/h6>\n<p>Diese Website nutzt Google Analytics, einen Webanalysedienst der Google Inc., 1600 Amphitheatre Parkway, Mountain View, CA 94043, USA. Google Analytics verwendet sog. \u00abCookies\u00bb, d.h. Textdateien, die auf Ihrem Computer gespeichert werden und die eine Analyse der Benutzung der Website durch Sie erm\u00f6glichen.<br \/>\nGoogle nutzt diese Informationen, um im Auftrag des Betreibers dieser Website Ihre Nutzung der Website auszuwerten, um Reports \u00fcber die Websiteaktivit\u00e4ten zusammenzustellen und um weitere mit der Websitenutzung und der Internetnutzung verbundene Dienstleistungen gegen\u00fcber dem Websitebetreiber zu erbringen. Die im Rahmen von Google Analytics von Ihrem Browser \u00fcbermittelte IP-Adresse wird nicht mit anderen Daten von Google zusammengef\u00fchrt.<br \/>\nDurch eine entsprechende Einstellung in Ihrem Browser k\u00f6nnen Sie die Speicherung der Cookies verhindern oder wieder l\u00f6schen.<\/p>\n<p>&nbsp;<\/p>\n<\/div>\n<\/div>\n<\/div>\n<\/div>\n<\/div>\n<\/section>\n","protected":false},"excerpt":{"rendered":"<p>1. Erhebung, Verarbeitung und Nutzung personenbezogener Daten Bei einem Besuch dieser Website erheben wir keine personenbezogenen Daten von Ihnen. Personenbezogene Daten werden nur erhoben, wenn Sie uns diese selbst \u00fcber unser Kontaktformular mitteilen. Diese Daten werden ausschliesslich zur Beantwortung Ihres Anliegens genutzt und danach wieder gel\u00f6scht. 2. Verwendung von eigenen Cookies Beim Aufruf bestimmter Seiten [&hellip;]<\/p>\n","protected":false},"author":1,"featured_media":0,"parent":0,"menu_order":0,"comment_status":"closed","ping_status":"closed","template":"","meta":{"site-sidebar-layout":"default","site-content-layout":"","ast-site-content-layout":"default","site-content-style":"default","site-sidebar-style":"default","ast-global-header-display":"","ast-banner-title-visibility":"","ast-main-header-display":"","ast-hfb-above-header-display":"","ast-hfb-below-header-display":"","ast-hfb-mobile-header-display":"","site-post-title":"","ast-breadcrumbs-content":"","ast-featured-img":"","footer-sml-layout":"","theme-transparent-header-meta":"default","adv-header-id-meta":"","stick-header-meta":"","header-above-stick-meta":"","header-main-stick-meta":"","header-below-stick-meta":"","astra-migrate-meta-layouts":"set","ast-page-background-enabled":"default","ast-page-background-meta":{"desktop":{"background-color":"var(--ast-global-color-4)","background-image":"","background-repeat":"repeat","background-position":"center center","background-size":"auto","background-attachment":"scroll","background-type":"","background-media":"","overlay-type":"","overlay-color":"","overlay-opacity":"","overlay-gradient":""},"tablet":{"background-color":"","background-image":"","background-repeat":"repeat","background-position":"center center","background-size":"auto","background-attachment":"scroll","background-type":"","background-media":"","overlay-type":"","overlay-color":"","overlay-opacity":"","overlay-gradient":""},"mobile":{"background-color":"","background-image":"","background-repeat":"repeat","background-position":"center center","background-size":"auto","background-attachment":"scroll","background-type":"","background-media":"","overlay-type":"","overlay-color":"","overlay-opacity":"","overlay-gradient":""}},"ast-content-background-meta":{"desktop":{"background-color":"var(--ast-global-color-5)","background-image":"","background-repeat":"repeat","background-position":"center center","background-size":"auto","background-attachment":"scroll","background-type":"","background-media":"","overlay-type":"","overlay-color":"","overlay-opacity":"","overlay-gradient":""},"tablet":{"background-color":"var(--ast-global-color-5)","background-image":"","background-repeat":"repeat","background-position":"center center","background-size":"auto","background-attachment":"scroll","background-type":"","background-media":"","overlay-type":"","overlay-color":"","overlay-opacity":"","overlay-gradient":""},"mobile":{"background-color":"var(--ast-global-color-5)","background-image":"","background-repeat":"repeat","background-position":"center center","background-size":"auto","background-attachment":"scroll","background-type":"","background-media":"","overlay-type":"","overlay-color":"","overlay-opacity":"","overlay-gradient":""}},"footnotes":""},"class_list":["post-856","page","type-page","status-publish","hentry"],"_links":{"self":[{"href":"https:\/\/www.kohlerpartnerag.ch\/index.php\/wp-json\/wp\/v2\/pages\/856","targetHints":{"allow":["GET"]}}],"collection":[{"href":"https:\/\/www.kohlerpartnerag.ch\/index.php\/wp-json\/wp\/v2\/pages"}],"about":[{"href":"https:\/\/www.kohlerpartnerag.ch\/index.php\/wp-json\/wp\/v2\/types\/page"}],"author":[{"embeddable":true,"href":"https:\/\/www.kohlerpartnerag.ch\/index.php\/wp-json\/wp\/v2\/users\/1"}],"replies":[{"embeddable":true,"href":"https:\/\/www.kohlerpartnerag.ch\/index.php\/wp-json\/wp\/v2\/comments?post=856"}],"version-history":[{"count":2,"href":"https:\/\/www.kohlerpartnerag.ch\/index.php\/wp-json\/wp\/v2\/pages\/856\/revisions"}],"predecessor-version":[{"id":858,"href":"https:\/\/www.kohlerpartnerag.ch\/index.php\/wp-json\/wp\/v2\/pages\/856\/revisions\/858"}],"wp:attachment":[{"href":"https:\/\/www.kohlerpartnerag.ch\/index.php\/wp-json\/wp\/v2\/media?parent=856"}],"curies":[{"name":"wp","href":"https:\/\/api.w.org\/{rel}","templated":true}]}}