{"id":846,"date":"2025-12-02T23:52:50","date_gmt":"2025-12-02T23:52:50","guid":{"rendered":"https:\/\/www.kohlerpartnerag.ch\/?page_id=846"},"modified":"2025-12-02T23:58:07","modified_gmt":"2025-12-02T23:58:07","slug":"846-2","status":"publish","type":"page","link":"https:\/\/www.kohlerpartnerag.ch\/index.php\/846-2\/","title":{"rendered":"Impressum"},"content":{"rendered":"<p data-start=\"352\" data-end=\"431\">Kohler + Partner AG<br data-start=\"390\" data-end=\"393\" \/>Tiergarten 3<br data-start=\"408\" data-end=\"411\" \/>CH-3400 Burgdorf<\/p>\n<p data-start=\"433\" data-end=\"668\">Rechtsform: Aktiengesellschaft (AG)<br data-start=\"472\" data-end=\"475\" \/>Vertreten durch \/ Inhaber: Roland Kohler<br data-start=\"558\" data-end=\"561\" \/>Telefon: 034 420 04 40<br data-start=\"589\" data-end=\"592\" \/>E-Mail: info@kohlerpartnerag.ch<br data-start=\"620\" data-end=\"623\" \/>Website: <a class=\"decorated-link\" href=\"https:\/\/www.kohlerpartnerag.ch\/?utm_source=chatgpt.com\" target=\"_new\" rel=\"noopener\" data-start=\"636\" data-end=\"666\">https:\/\/www.kohlerpartnerag.ch<\/a><\/p>\n<p data-start=\"670\" data-end=\"757\">Hosting:<br data-start=\"682\" data-end=\"685\" \/>Diese Website wird betrieben auf Servern der hosttech GmbH, Schweiz.<\/p>\n<h2 data-start=\"764\" data-end=\"789\"><\/h2>\n<h6 data-start=\"764\" data-end=\"789\"><strong data-start=\"767\" data-end=\"789\">Haftungsausschluss<\/strong><\/h6>\n<p data-start=\"791\" data-end=\"968\">Die Kohler + Partner AG \u00fcbernimmt keinerlei Gew\u00e4hr hinsichtlich der inhaltlichen Richtigkeit, Genauigkeit, Aktualit\u00e4t, Zuverl\u00e4ssigkeit und Vollst\u00e4ndigkeit der Informationen.<br \/>\nHaftungsanspr\u00fcche gegen die Kohler + Partner AG wegen Sch\u00e4den materieller oder immaterieller Art, welche aus dem Zugriff oder der Nutzung bzw. Nichtnutzung der ver\u00f6ffentlichten Informationen, durch Missbrauch der Verbindung oder durch technische St\u00f6rungen entstanden sind, werden ausgeschlossen.<br \/>\nAlle Angebote sind unverbindlich. Die Kohler + Partner AG beh\u00e4lt es sich ausdr\u00fccklich vor, Teile der Seiten oder das gesamte Angebot ohne gesonderte Ank\u00fcndigung zu ver\u00e4ndern, zu erg\u00e4nzen, zu l\u00f6schen oder die Ver\u00f6ffentlichung zeitweise oder endg\u00fcltig einzustellen.<\/p>\n<h2 data-start=\"1545\" data-end=\"1569\"><\/h2>\n<h6 data-start=\"1545\" data-end=\"1569\"><strong data-start=\"1548\" data-end=\"1569\">Haftung f\u00fcr Links<\/strong><\/h6>\n<p data-start=\"1571\" data-end=\"1822\">Verweise und Links auf Webseiten Dritter liegen ausserhalb unseres Verantwortungsbereichs. Jegliche Verantwortung f\u00fcr solche Webseiten wird abgelehnt. Der Zugriff und die Nutzung solcher Webseiten erfolgen auf eigene Gefahr der Nutzerinnen und Nutzer.<\/p>\n<h2 data-start=\"1829\" data-end=\"1849\"><\/h2>\n<h6 data-start=\"1829\" data-end=\"1849\"><strong data-start=\"1832\" data-end=\"1849\">Urheberrechte<\/strong><\/h6>\n<p data-start=\"1851\" data-end=\"2051\">Die Urheber- und alle anderen Rechte an Inhalten, Bildern, Fotos oder anderen Dateien auf dieser Website geh\u00f6ren ausschliesslich der <strong data-start=\"1984\" data-end=\"2007\">Kohler + Partner AG<\/strong> oder den speziell genannten Rechteinhabern.<br \/>\nF\u00fcr die Reproduktion jeglicher Elemente ist im Voraus die schriftliche Zustimmung der jeweiligen Urheberrechtstr\u00e4ger einzuholen.<\/p>\n<h2 data-start=\"2188\" data-end=\"2206\"><\/h2>\n<h6 data-start=\"2188\" data-end=\"2206\"><strong data-start=\"2191\" data-end=\"2206\">Datenschutz<\/strong><\/h6>\n<p data-start=\"2208\" data-end=\"2324\">Informationen zur Verarbeitung personenbezogener Daten finden sich in unseren separaten <strong data-start=\"2296\" data-end=\"2323\">Datenschutzbestimmungen<\/strong>.<\/p>\n<p data-start=\"2208\" data-end=\"2324\">\n","protected":false},"excerpt":{"rendered":"<p>Kohler + Partner AGTiergarten 3CH-3400 Burgdorf Rechtsform: Aktiengesellschaft (AG)Vertreten durch \/ Inhaber: Roland KohlerTelefon: 034 420 04 40E-Mail: info@kohlerpartnerag.chWebsite: https:\/\/www.kohlerpartnerag.ch Hosting:Diese Website wird betrieben auf Servern der hosttech GmbH, Schweiz. Haftungsausschluss Die Kohler + Partner AG \u00fcbernimmt keinerlei Gew\u00e4hr hinsichtlich der inhaltlichen Richtigkeit, Genauigkeit, Aktualit\u00e4t, Zuverl\u00e4ssigkeit und Vollst\u00e4ndigkeit der Informationen. Haftungsanspr\u00fcche gegen die Kohler + [&hellip;]<\/p>\n","protected":false},"author":1,"featured_media":0,"parent":0,"menu_order":0,"comment_status":"closed","ping_status":"closed","template":"","meta":{"site-sidebar-layout":"default","site-content-layout":"","ast-site-content-layout":"default","site-content-style":"default","site-sidebar-style":"default","ast-global-header-display":"","ast-banner-title-visibility":"","ast-main-header-display":"","ast-hfb-above-header-display":"","ast-hfb-below-header-display":"","ast-hfb-mobile-header-display":"","site-post-title":"","ast-breadcrumbs-content":"","ast-featured-img":"","footer-sml-layout":"","theme-transparent-header-meta":"default","adv-header-id-meta":"","stick-header-meta":"","header-above-stick-meta":"","header-main-stick-meta":"","header-below-stick-meta":"","astra-migrate-meta-layouts":"set","ast-page-background-enabled":"default","ast-page-background-meta":{"desktop":{"background-color":"var(--ast-global-color-4)","background-image":"","background-repeat":"repeat","background-position":"center center","background-size":"auto","background-attachment":"scroll","background-type":"","background-media":"","overlay-type":"","overlay-color":"","overlay-opacity":"","overlay-gradient":""},"tablet":{"background-color":"","background-image":"","background-repeat":"repeat","background-position":"center center","background-size":"auto","background-attachment":"scroll","background-type":"","background-media":"","overlay-type":"","overlay-color":"","overlay-opacity":"","overlay-gradient":""},"mobile":{"background-color":"","background-image":"","background-repeat":"repeat","background-position":"center center","background-size":"auto","background-attachment":"scroll","background-type":"","background-media":"","overlay-type":"","overlay-color":"","overlay-opacity":"","overlay-gradient":""}},"ast-content-background-meta":{"desktop":{"background-color":"var(--ast-global-color-5)","background-image":"","background-repeat":"repeat","background-position":"center center","background-size":"auto","background-attachment":"scroll","background-type":"","background-media":"","overlay-type":"","overlay-color":"","overlay-opacity":"","overlay-gradient":""},"tablet":{"background-color":"var(--ast-global-color-5)","background-image":"","background-repeat":"repeat","background-position":"center center","background-size":"auto","background-attachment":"scroll","background-type":"","background-media":"","overlay-type":"","overlay-color":"","overlay-opacity":"","overlay-gradient":""},"mobile":{"background-color":"var(--ast-global-color-5)","background-image":"","background-repeat":"repeat","background-position":"center center","background-size":"auto","background-attachment":"scroll","background-type":"","background-media":"","overlay-type":"","overlay-color":"","overlay-opacity":"","overlay-gradient":""}},"footnotes":""},"class_list":["post-846","page","type-page","status-publish","hentry"],"_links":{"self":[{"href":"https:\/\/www.kohlerpartnerag.ch\/index.php\/wp-json\/wp\/v2\/pages\/846","targetHints":{"allow":["GET"]}}],"collection":[{"href":"https:\/\/www.kohlerpartnerag.ch\/index.php\/wp-json\/wp\/v2\/pages"}],"about":[{"href":"https:\/\/www.kohlerpartnerag.ch\/index.php\/wp-json\/wp\/v2\/types\/page"}],"author":[{"embeddable":true,"href":"https:\/\/www.kohlerpartnerag.ch\/index.php\/wp-json\/wp\/v2\/users\/1"}],"replies":[{"embeddable":true,"href":"https:\/\/www.kohlerpartnerag.ch\/index.php\/wp-json\/wp\/v2\/comments?post=846"}],"version-history":[{"count":6,"href":"https:\/\/www.kohlerpartnerag.ch\/index.php\/wp-json\/wp\/v2\/pages\/846\/revisions"}],"predecessor-version":[{"id":852,"href":"https:\/\/www.kohlerpartnerag.ch\/index.php\/wp-json\/wp\/v2\/pages\/846\/revisions\/852"}],"wp:attachment":[{"href":"https:\/\/www.kohlerpartnerag.ch\/index.php\/wp-json\/wp\/v2\/media?parent=846"}],"curies":[{"name":"wp","href":"https:\/\/api.w.org\/{rel}","templated":true}]}}